{"id":423,"date":"2022-06-18T13:47:50","date_gmt":"2022-06-18T11:47:50","guid":{"rendered":"https:\/\/suukko2.fi\/?page_id=423"},"modified":"2025-05-13T12:47:09","modified_gmt":"2025-05-13T10:47:09","slug":"saaristotarinat-skargardsberattelser","status":"publish","type":"page","link":"https:\/\/suukko2.fi\/?page_id=423","title":{"rendered":"SAARISTO- JA MERITARINAT, SK\u00c4RG\u00c5RDS- OCH HAVSBER\u00c4TTELSER (2022, 2023)"},"content":{"rendered":"\n<p><strong>Paikallishistorian ja merenkulun historian  j\u00e4ljill\u00e4. Om lokalhistoriens fotsp\u00e5r<\/strong>.<\/p>\n\n\n\n<p><strong>Laivateatteri m\/s Suukko II<\/strong>  on kesien 2022, 2023 ja 2024 aikana kiert\u00e4nyt Suomen rannikkoa ja saaristoa ker\u00e4ten meritarinoita entisilt\u00e4 (ja nykyisilt\u00e4kin) merenkulkijoilta, satamaty\u00f6ntekij\u00f6ilt\u00e4, saaristolaisilta ja kalastajilta jne.<br>N\u00e4ist\u00e4 tosikertomuksista on parhaat palat koostettu Meren muisti -esitykseen ja h\u00f6ystetty merihenkisill\u00e4 lauluilla. Meren muisti sijoittuu aikajanalla 1800 luvulta 2000 luvulle. Kaikki kertomukset ovat vahvistettu todellisiksi, eli kuulet ja n\u00e4et todellista el\u00e4m\u00e4\u00e4, teatterin keinoin.<\/p>\n\n\n\n<p>Uutena tuotantona 2025 kes\u00e4lle on Merenkulkijan p\u00e4iv\u00e4kirja, joka perustuu l\u00e4hihistoriaan ja nykyp\u00e4iv\u00e4\u00e4n, vuosilukuina kokolailla 1960-2020. Merenkulkijan p\u00e4iv\u00e4kirja on toteutettu samoin periaattein kuin Meren muisti-esitys, kaikki tapahtumat ovat todellakin tapahtuneet.<\/p>\n\n\n\n<p><strong>Kiitoksia:<\/strong> Rauman satama, Svenska kulturfonden, Reposaaren satama (Pori), Seglinge g\u00e4sthamn, Kaljaasi Ihana\/Laitakarin satama, Helsingin kaupunki, Kaskisten kaupunki, Kvarken Ports (Vaasan satama), Visit Kokkola, Suomen merimuseo (Kotka), Ekami ja Xamk Kotka (Kotkan &#8221;merenkulkuoppilaitos&#8221;), Pellingin vierassatama, Suomen valtio (valtion laiturit), Paraisten kaupunki, Konstsamfundet, YouTube-kanavan j\u00e4senet ja yhdistyksen talkoolaiset<\/p>\n\n\n\n<p><strong>Teaterskeppet m\/s Suukko II <\/strong>seglar runt sk\u00e4rg\u00e5rden och kusten. Skeppet samlar lokala r\u00f6ster med ber\u00e4ttelser ombord p\u00e5 samtliga orten. Vi samlar historierna lokalt, och under f\u00f6ljande n\u00e5gra dagar v\u00e4ver tv\u00e5\/tre musiker-scenkonstn\u00e4rer ihop ber\u00e4ttelserna till en musikteaterf\u00f6rest\u00e4llning, som ska sedan spelas f\u00f6r den lokala publiken. Lokalhistoria och lokalteater p\u00e5 sin b\u00e4sta!<\/p>\n\n\n\n<p>Ty\u00f6ryhm\u00e4\/arbetsgruppen (vaihtelee\/varierar)<br>Anitra Penttinen, Ville Susi, Sanna-Kaisa Hjorth, Annu Laine, Tony Kaipia, Samuli Penttinen, Aa-Pee S\u00f6derdahl, Harri Honkanen, Heidi Tigel<\/p>\n\n\n\n<p><br><\/p>\n","protected":false},"excerpt":{"rendered":"<p>Paikallishistorian ja merenkulun historian j\u00e4ljill\u00e4. Om lokalhistoriens fotsp\u00e5r. Laivateatteri m\/s Suukko II on kesien 2022, 2023 ja 2024 aikana kiert\u00e4nyt Suomen rannikkoa ja saaristoa ker\u00e4ten meritarinoita entisilt\u00e4 (ja nykyisilt\u00e4kin) merenkulkijoilta, satamaty\u00f6ntekij\u00f6ilt\u00e4, saaristolaisilta ja kalastajilta jne.N\u00e4ist\u00e4 tosikertomuksista on parhaat palat koostettu Meren muisti -esitykseen ja h\u00f6ystetty merihenkisill\u00e4 lauluilla. Meren muisti sijoittuu aikajanalla 1800 luvulta 2000 luvulle. [&hellip;]<\/p>\n","protected":false},"author":7,"featured_media":523,"parent":118,"menu_order":0,"comment_status":"closed","ping_status":"closed","template":"","meta":{"site-sidebar-layout":"default","site-content-layout":"","ast-site-content-layout":"default","site-content-style":"default","site-sidebar-style":"default","ast-global-header-display":"","ast-banner-title-visibility":"","ast-main-header-display":"","ast-hfb-above-header-display":"","ast-hfb-below-header-display":"","ast-hfb-mobile-header-display":"","site-post-title":"","ast-breadcrumbs-content":"","ast-featured-img":"","footer-sml-layout":"","theme-transparent-header-meta":"","adv-header-id-meta":"","stick-header-meta":"","header-above-stick-meta":"","header-main-stick-meta":"","header-below-stick-meta":"","astra-migrate-meta-layouts":"set","ast-page-background-enabled":"default","ast-page-background-meta":{"desktop":{"background-color":"var(--ast-global-color-4)","background-image":"","background-repeat":"repeat","background-position":"center center","background-size":"auto","background-attachment":"scroll","background-type":"","background-media":"","overlay-type":"","overlay-color":"","overlay-opacity":"","overlay-gradient":""},"tablet":{"background-color":"","background-image":"","background-repeat":"repeat","background-position":"center center","background-size":"auto","background-attachment":"scroll","background-type":"","background-media":"","overlay-type":"","overlay-color":"","overlay-opacity":"","overlay-gradient":""},"mobile":{"background-color":"","background-image":"","background-repeat":"repeat","background-position":"center center","background-size":"auto","background-attachment":"scroll","background-type":"","background-media":"","overlay-type":"","overlay-color":"","overlay-opacity":"","overlay-gradient":""}},"ast-content-background-meta":{"desktop":{"background-color":"var(--ast-global-color-5)","background-image":"","background-repeat":"repeat","background-position":"center center","background-size":"auto","background-attachment":"scroll","background-type":"","background-media":"","overlay-type":"","overlay-color":"","overlay-opacity":"","overlay-gradient":""},"tablet":{"background-color":"var(--ast-global-color-5)","background-image":"","background-repeat":"repeat","background-position":"center center","background-size":"auto","background-attachment":"scroll","background-type":"","background-media":"","overlay-type":"","overlay-color":"","overlay-opacity":"","overlay-gradient":""},"mobile":{"background-color":"var(--ast-global-color-5)","background-image":"","background-repeat":"repeat","background-position":"center center","background-size":"auto","background-attachment":"scroll","background-type":"","background-media":"","overlay-type":"","overlay-color":"","overlay-opacity":"","overlay-gradient":""}},"footnotes":""},"class_list":["post-423","page","type-page","status-publish","has-post-thumbnail","hentry"],"_links":{"self":[{"href":"https:\/\/suukko2.fi\/index.php?rest_route=\/wp\/v2\/pages\/423","targetHints":{"allow":["GET"]}}],"collection":[{"href":"https:\/\/suukko2.fi\/index.php?rest_route=\/wp\/v2\/pages"}],"about":[{"href":"https:\/\/suukko2.fi\/index.php?rest_route=\/wp\/v2\/types\/page"}],"author":[{"embeddable":true,"href":"https:\/\/suukko2.fi\/index.php?rest_route=\/wp\/v2\/users\/7"}],"replies":[{"embeddable":true,"href":"https:\/\/suukko2.fi\/index.php?rest_route=%2Fwp%2Fv2%2Fcomments&post=423"}],"version-history":[{"count":23,"href":"https:\/\/suukko2.fi\/index.php?rest_route=\/wp\/v2\/pages\/423\/revisions"}],"predecessor-version":[{"id":897,"href":"https:\/\/suukko2.fi\/index.php?rest_route=\/wp\/v2\/pages\/423\/revisions\/897"}],"up":[{"embeddable":true,"href":"https:\/\/suukko2.fi\/index.php?rest_route=\/wp\/v2\/pages\/118"}],"wp:featuredmedia":[{"embeddable":true,"href":"https:\/\/suukko2.fi\/index.php?rest_route=\/wp\/v2\/media\/523"}],"wp:attachment":[{"href":"https:\/\/suukko2.fi\/index.php?rest_route=%2Fwp%2Fv2%2Fmedia&parent=423"}],"curies":[{"name":"wp","href":"https:\/\/api.w.org\/{rel}","templated":true}]}}