{"id":640,"date":"2023-12-30T01:42:47","date_gmt":"2023-12-29T23:42:47","guid":{"rendered":"https:\/\/suukko2.fi\/?page_id=640"},"modified":"2025-05-13T15:21:19","modified_gmt":"2025-05-13T13:21:19","slug":"merilinkit","status":"publish","type":"page","link":"https:\/\/suukko2.fi\/?page_id=640","title":{"rendered":"LINKIT"},"content":{"rendered":"\n<p><strong>Unohtuneet valtion laiturit -projekti<\/strong> <a href=\"https:\/\/suukko2.fi\/?page_id=692\">(linkki)<\/a><\/p>\n\n\n\n<p><strong>NAVIGOINTI<\/strong><\/p>\n\n\n\n<p>GNNS ja GPS h\u00e4irint\u00e4  <a href=\"https:\/\/gpsjam.org\/\" target=\"_blank\" rel=\"noreferrer noopener\">https:\/\/gpsjam.org\/<\/a><\/p>\n\n\n\n<p><strong>MERIS\u00c4\u00c4<\/strong><\/p>\n\n\n\n<p>It\u00e4meren aaltoennuste DMI 48 h <a rel=\"noreferrer noopener\" href=\"https:\/\/www.dmi.dk\/bolger\" target=\"_blank\">https:\/\/www.dmi.dk\/bolger<\/a><\/p>\n\n\n\n<p>It\u00e4meren aaltoennuste SMHI 48 h <a href=\"https:\/\/www.smhi.se\/vader\/prognoser\/hav-och-kustvader\/fordjupad\/2673730\/karta\/vind\">(clik)<\/a><\/p>\n\n\n\n<p>Tuuli-ja aaltoennuste <a href=\"https:\/\/www.windy.com\/?60.172,24.935,5\" target=\"_blank\" rel=\"noreferrer noopener\">Windy<\/a><\/p>\n\n\n\n<p><strong>MERIHISTORIAA<\/strong><\/p>\n\n\n\n<p>SLHY, <a href=\"https:\/\/www.slhy-laiva.fi\/\">laivahistoriallinen yhdistys <\/a><\/p>\n\n\n\n<p>Suomen merihistoriaa <a href=\"https:\/\/www.merihistoria.fi\/\">https:\/\/www.merihistoria.fi\/<\/a><\/p>\n\n\n\n<p>Suomen Merihistoriallinen yhdistys <a href=\"https:\/\/www.smhy.fi\/etusivu\" target=\"_blank\" rel=\"noreferrer noopener\">https:\/\/www.smhy.fi\/etusivu<\/a><\/p>\n\n\n\n<p>Rauman merimuseo <a href=\"https:\/\/rmm.fi\/\" target=\"_blank\" rel=\"noreferrer noopener\">https:\/\/rmm.fi\/<\/a><\/p>\n\n\n\n<p>\u00c4\u00e4nimeri <a rel=\"noreferrer noopener\" href=\"https:\/\/www.aanimeri.fi\/\" target=\"_blank\">https:\/\/www.aanimeri.fi\/<\/a><\/p>\n\n\n\n<p><strong>MERENKULUN UUTISLEHDET<\/strong><\/p>\n\n\n\n<p><\/p>\n\n\n\n<figure class=\"wp-block-image size-full is-resized\"><a href=\"https:\/\/safety4sea.com\/\"><img loading=\"lazy\" decoding=\"async\" width=\"320\" height=\"70\" src=\"https:\/\/suukko2.fi\/wp-content\/uploads\/2024\/04\/image-3.png\" alt=\"\" class=\"wp-image-673\" style=\"width:150px;height:33px\" srcset=\"https:\/\/suukko2.fi\/wp-content\/uploads\/2024\/04\/image-3.png 320w, https:\/\/suukko2.fi\/wp-content\/uploads\/2024\/04\/image-3-300x66.png 300w\" sizes=\"auto, (max-width: 320px) 100vw, 320px\" \/><\/a><\/figure>\n\n\n\n<figure class=\"wp-block-image size-full is-resized\"><a href=\"https:\/\/www.seatrade-maritime.com\/\"><img loading=\"lazy\" decoding=\"async\" width=\"380\" height=\"75\" src=\"https:\/\/suukko2.fi\/wp-content\/uploads\/2024\/04\/image-2.png\" alt=\"\" class=\"wp-image-672\" style=\"width:128px;height:25px\" srcset=\"https:\/\/suukko2.fi\/wp-content\/uploads\/2024\/04\/image-2.png 380w, https:\/\/suukko2.fi\/wp-content\/uploads\/2024\/04\/image-2-300x59.png 300w\" sizes=\"auto, (max-width: 380px) 100vw, 380px\" \/><\/a><\/figure>\n\n\n\n<figure class=\"wp-block-image size-full is-resized\"><a href=\"https:\/\/gcaptain.com\/\"><img loading=\"lazy\" decoding=\"async\" width=\"248\" height=\"114\" src=\"https:\/\/suukko2.fi\/wp-content\/uploads\/2024\/04\/image-1.png\" alt=\"\" class=\"wp-image-670\" style=\"width:85px;height:39px\"\/><\/a><\/figure>\n\n\n\n<figure class=\"wp-block-image size-full is-resized\"><a href=\"https:\/\/seanews.co.uk\/\"><img loading=\"lazy\" decoding=\"async\" width=\"193\" height=\"123\" src=\"https:\/\/suukko2.fi\/wp-content\/uploads\/2024\/04\/image.png\" alt=\"\" class=\"wp-image-669\" style=\"width:83px;height:53px\"\/><\/a><\/figure>\n\n\n\n<p><\/p>\n\n\n\n<p><strong>TY\u00d6PAIKKOJA<\/strong><\/p>\n\n\n\n<p>MOL <a rel=\"noreferrer noopener\" href=\"https:\/\/paikat.te-palvelut.fi\/tpt\/?professions=835&amp;announced=0&amp;leasing=0&amp;remotely=0&amp;english=false&amp;sort=1\" target=\"_blank\">merenkulku<\/a> <\/p>\n\n\n\n<p>TE Keskus <a href=\"https:\/\/toimistot.te-palvelut.fi\/varsinais-suomi\/merivalitys\" target=\"_blank\" rel=\"noreferrer noopener\">Meriv\u00e4litys<\/a><\/p>\n\n\n\n<figure class=\"wp-block-image size-full is-resized\"><a href=\"https:\/\/www.meriliitto.fi\/?page_id=62\"><img loading=\"lazy\" decoding=\"async\" width=\"589\" height=\"92\" src=\"https:\/\/suukko2.fi\/wp-content\/uploads\/2024\/04\/image-4.png\" alt=\"\" class=\"wp-image-674\" style=\"width:245px;height:38px\" srcset=\"https:\/\/suukko2.fi\/wp-content\/uploads\/2024\/04\/image-4.png 589w, https:\/\/suukko2.fi\/wp-content\/uploads\/2024\/04\/image-4-300x47.png 300w\" sizes=\"auto, (max-width: 589px) 100vw, 589px\" \/><\/a><\/figure>\n\n\n\n<p><strong>KOULUT<\/strong><\/p>\n\n\n\n<p><a rel=\"noreferrer noopener\" href=\"https:\/\/www.ha.ax\/?s=sj%C3%B6\" target=\"_blank\">H\u00f6gskolan p\u00e5 \u00c5land<\/a><br>Kotka, <a rel=\"noreferrer noopener\" href=\"https:\/\/ekami.fi\/hakijalle\/koulutusalat\/merenkulku-ja-satama\/\" target=\"_blank\">Ekami<\/a><br><a rel=\"noreferrer noopener\" href=\"https:\/\/www.utu.fi\/fi\/yliopisto\/brahea-keskus\/meri-ja-merenkulku-MKK\" target=\"_blank\">Merenkulkualan koulutus- ja tutkimuskeskus<\/a><br><a rel=\"noreferrer noopener\" href=\"https:\/\/www.samk.fi\/?s=merenkulku\" target=\"_blank\">Rauman ammattiopisto&nbsp;Satakunnan ammattikorkeakoulu (SAMK) \/ merenkulku<\/a><br><a href=\"http:\/\/www.novia.fi\/\">Yrkesh\u00f6gskolan Novia \/ Sj\u00f6fart<\/a><br><a href=\"https:\/\/www.gymnasium.ax\/alands-yrkesgymnasium\/yrkesutbildningar-gymnasieexamen\/sjofart\" target=\"_blank\" rel=\"noreferrer noopener\">\u00c5lands sj\u00f6manskola<\/a><\/p>\n\n\n\n<p><\/p>\n\n\n\n<p><strong>LIITOT JA YHDISTYKSET<\/strong><\/p>\n\n\n\n<p>Meriliitto <a href=\"https:\/\/www.meriliitto.fi\/?page_id=2\" target=\"_blank\" rel=\"noreferrer noopener\">https:\/\/www.meriliitto.fi\/?page_id=2<\/a><\/p>\n\n\n\n<p>Merimiesten el\u00e4kekassa <a href=\"https:\/\/www.merimieselakekassa.fi\/\" target=\"_blank\" rel=\"noreferrer noopener\">https:\/\/www.merimieselakekassa.fi\/<\/a><\/p>\n\n\n\n<p>Merimiesunioni <a href=\"https:\/\/www.smu.fi\/\" target=\"_blank\" rel=\"noreferrer noopener\">https:\/\/www.smu.fi\/<\/a><\/p>\n\n\n\n<p><\/p>\n\n\n\n<p>&#8230;. t\u00e4m\u00e4 sivu p\u00e4ivittyy pikkuhiljaa&#8230;<\/p>\n\n\n\n<p><\/p>\n","protected":false},"excerpt":{"rendered":"<p>Unohtuneet valtion laiturit -projekti (linkki) NAVIGOINTI GNNS ja GPS h\u00e4irint\u00e4 https:\/\/gpsjam.org\/ MERIS\u00c4\u00c4 It\u00e4meren aaltoennuste DMI 48 h https:\/\/www.dmi.dk\/bolger It\u00e4meren aaltoennuste SMHI 48 h (clik) Tuuli-ja aaltoennuste Windy MERIHISTORIAA SLHY, laivahistoriallinen yhdistys Suomen merihistoriaa https:\/\/www.merihistoria.fi\/ Suomen Merihistoriallinen yhdistys https:\/\/www.smhy.fi\/etusivu Rauman merimuseo https:\/\/rmm.fi\/ \u00c4\u00e4nimeri https:\/\/www.aanimeri.fi\/ MERENKULUN UUTISLEHDET TY\u00d6PAIKKOJA MOL merenkulku TE Keskus Meriv\u00e4litys KOULUT H\u00f6gskolan p\u00e5 \u00c5landKotka, [&hellip;]<\/p>\n","protected":false},"author":7,"featured_media":0,"parent":0,"menu_order":0,"comment_status":"closed","ping_status":"closed","template":"","meta":{"site-sidebar-layout":"default","site-content-layout":"","ast-site-content-layout":"default","site-content-style":"default","site-sidebar-style":"default","ast-global-header-display":"","ast-banner-title-visibility":"","ast-main-header-display":"","ast-hfb-above-header-display":"","ast-hfb-below-header-display":"","ast-hfb-mobile-header-display":"","site-post-title":"","ast-breadcrumbs-content":"","ast-featured-img":"","footer-sml-layout":"","theme-transparent-header-meta":"","adv-header-id-meta":"","stick-header-meta":"","header-above-stick-meta":"","header-main-stick-meta":"","header-below-stick-meta":"","astra-migrate-meta-layouts":"set","ast-page-background-enabled":"default","ast-page-background-meta":{"desktop":{"background-color":"var(--ast-global-color-4)","background-image":"","background-repeat":"repeat","background-position":"center center","background-size":"auto","background-attachment":"scroll","background-type":"","background-media":"","overlay-type":"","overlay-color":"","overlay-opacity":"","overlay-gradient":""},"tablet":{"background-color":"","background-image":"","background-repeat":"repeat","background-position":"center center","background-size":"auto","background-attachment":"scroll","background-type":"","background-media":"","overlay-type":"","overlay-color":"","overlay-opacity":"","overlay-gradient":""},"mobile":{"background-color":"","background-image":"","background-repeat":"repeat","background-position":"center center","background-size":"auto","background-attachment":"scroll","background-type":"","background-media":"","overlay-type":"","overlay-color":"","overlay-opacity":"","overlay-gradient":""}},"ast-content-background-meta":{"desktop":{"background-color":"var(--ast-global-color-5)","background-image":"","background-repeat":"repeat","background-position":"center center","background-size":"auto","background-attachment":"scroll","background-type":"","background-media":"","overlay-type":"","overlay-color":"","overlay-opacity":"","overlay-gradient":""},"tablet":{"background-color":"var(--ast-global-color-5)","background-image":"","background-repeat":"repeat","background-position":"center center","background-size":"auto","background-attachment":"scroll","background-type":"","background-media":"","overlay-type":"","overlay-color":"","overlay-opacity":"","overlay-gradient":""},"mobile":{"background-color":"var(--ast-global-color-5)","background-image":"","background-repeat":"repeat","background-position":"center center","background-size":"auto","background-attachment":"scroll","background-type":"","background-media":"","overlay-type":"","overlay-color":"","overlay-opacity":"","overlay-gradient":""}},"footnotes":""},"class_list":["post-640","page","type-page","status-publish","hentry"],"_links":{"self":[{"href":"https:\/\/suukko2.fi\/index.php?rest_route=\/wp\/v2\/pages\/640","targetHints":{"allow":["GET"]}}],"collection":[{"href":"https:\/\/suukko2.fi\/index.php?rest_route=\/wp\/v2\/pages"}],"about":[{"href":"https:\/\/suukko2.fi\/index.php?rest_route=\/wp\/v2\/types\/page"}],"author":[{"embeddable":true,"href":"https:\/\/suukko2.fi\/index.php?rest_route=\/wp\/v2\/users\/7"}],"replies":[{"embeddable":true,"href":"https:\/\/suukko2.fi\/index.php?rest_route=%2Fwp%2Fv2%2Fcomments&post=640"}],"version-history":[{"count":8,"href":"https:\/\/suukko2.fi\/index.php?rest_route=\/wp\/v2\/pages\/640\/revisions"}],"predecessor-version":[{"id":912,"href":"https:\/\/suukko2.fi\/index.php?rest_route=\/wp\/v2\/pages\/640\/revisions\/912"}],"wp:attachment":[{"href":"https:\/\/suukko2.fi\/index.php?rest_route=%2Fwp%2Fv2%2Fmedia&parent=640"}],"curies":[{"name":"wp","href":"https:\/\/api.w.org\/{rel}","templated":true}]}}