{"id":692,"date":"2024-06-09T16:35:06","date_gmt":"2024-06-09T14:35:06","guid":{"rendered":"https:\/\/suukko2.fi\/?page_id=692"},"modified":"2024-06-11T13:33:14","modified_gmt":"2024-06-11T11:33:14","slug":"laiturit-projekti","status":"publish","type":"page","link":"https:\/\/suukko2.fi\/?page_id=692","title":{"rendered":"LAITURIT-PROJEKTI"},"content":{"rendered":"\n<p>Valtio rakennutti 80-90 luvulla ison m\u00e4\u00e4r\u00e4n erilaisia laitureita yleiseen k\u00e4ytt\u00f6\u00f6n. Niist\u00e4 ei ole olemasssa keskitetty\u00e4 tietoa, koska laitureiden olemassaolo on p\u00e4\u00e4ssyt unohtumaan.<\/p>\n\n\n\n<p>Kartoitetaan yhdess\u00e4 kaikki yhteislaiturit, ja toimitetaan tiedot viranomaisille ett\u00e4 voivat p\u00e4ivitt\u00e4\u00e4 kartat ajan tasalle.<\/p>\n\n\n\n<p>Lis\u00e4tietoa Youtubekanavamme videolla:\u00a0<a rel=\"noreferrer noopener\" href=\"https:\/\/www.youtube.com\/watch?v=6a9RjQC80Og\" target=\"_blank\">https:\/\/www.youtube.com\/watch?v=6a9RjQC80Og<\/a><\/p>\n\n\n\n<p>Projektin verkkosivu:&nbsp;<a href=\"https:\/\/suukko2.fi\/?page_id=692\" target=\"_blank\" rel=\"noreferrer noopener\">https:\/\/suukko2.fi\/?page_id=692<\/a><\/p>\n\n\n\n<p><\/p>\n\n\n\n<figure class=\"wp-block-image size-large\"><a href=\"https:\/\/suukko2.fi\/wp-content\/uploads\/2024\/06\/img1023-scaled.jpg\"><img loading=\"lazy\" decoding=\"async\" width=\"1024\" height=\"729\" src=\"https:\/\/suukko2.fi\/wp-content\/uploads\/2024\/06\/img1023-1024x729.jpg\" alt=\"\" class=\"wp-image-693\" srcset=\"https:\/\/suukko2.fi\/wp-content\/uploads\/2024\/06\/img1023-1024x729.jpg 1024w, https:\/\/suukko2.fi\/wp-content\/uploads\/2024\/06\/img1023-300x214.jpg 300w, https:\/\/suukko2.fi\/wp-content\/uploads\/2024\/06\/img1023-768x547.jpg 768w, https:\/\/suukko2.fi\/wp-content\/uploads\/2024\/06\/img1023-1536x1093.jpg 1536w, https:\/\/suukko2.fi\/wp-content\/uploads\/2024\/06\/img1023-2048x1458.jpg 2048w, https:\/\/suukko2.fi\/wp-content\/uploads\/2024\/06\/img1023-600x427.jpg 600w\" sizes=\"auto, (max-width: 1024px) 100vw, 1024px\" \/><\/a><\/figure>\n\n\n\n<figure class=\"wp-block-image size-large\"><a href=\"https:\/\/suukko2.fi\/wp-content\/uploads\/2024\/06\/matkalaiturit-1-scaled.jpg\"><img loading=\"lazy\" decoding=\"async\" width=\"1024\" height=\"728\" src=\"https:\/\/suukko2.fi\/wp-content\/uploads\/2024\/06\/matkalaiturit-1-1024x728.jpg\" alt=\"\" class=\"wp-image-694\" srcset=\"https:\/\/suukko2.fi\/wp-content\/uploads\/2024\/06\/matkalaiturit-1-1024x728.jpg 1024w, https:\/\/suukko2.fi\/wp-content\/uploads\/2024\/06\/matkalaiturit-1-300x213.jpg 300w, https:\/\/suukko2.fi\/wp-content\/uploads\/2024\/06\/matkalaiturit-1-768x546.jpg 768w, https:\/\/suukko2.fi\/wp-content\/uploads\/2024\/06\/matkalaiturit-1-1536x1092.jpg 1536w, https:\/\/suukko2.fi\/wp-content\/uploads\/2024\/06\/matkalaiturit-1-2048x1456.jpg 2048w, https:\/\/suukko2.fi\/wp-content\/uploads\/2024\/06\/matkalaiturit-1-600x427.jpg 600w\" sizes=\"auto, (max-width: 1024px) 100vw, 1024px\" \/><\/a><\/figure>\n\n\n\n<figure class=\"wp-block-image size-large\"><a href=\"https:\/\/suukko2.fi\/wp-content\/uploads\/2024\/06\/matkalaiturit-2-scaled.jpg\"><img loading=\"lazy\" decoding=\"async\" width=\"1024\" height=\"728\" src=\"https:\/\/suukko2.fi\/wp-content\/uploads\/2024\/06\/matkalaiturit-2-1024x728.jpg\" alt=\"\" class=\"wp-image-695\" srcset=\"https:\/\/suukko2.fi\/wp-content\/uploads\/2024\/06\/matkalaiturit-2-1024x728.jpg 1024w, https:\/\/suukko2.fi\/wp-content\/uploads\/2024\/06\/matkalaiturit-2-300x213.jpg 300w, https:\/\/suukko2.fi\/wp-content\/uploads\/2024\/06\/matkalaiturit-2-768x546.jpg 768w, https:\/\/suukko2.fi\/wp-content\/uploads\/2024\/06\/matkalaiturit-2-1536x1092.jpg 1536w, https:\/\/suukko2.fi\/wp-content\/uploads\/2024\/06\/matkalaiturit-2-2048x1456.jpg 2048w, https:\/\/suukko2.fi\/wp-content\/uploads\/2024\/06\/matkalaiturit-2-600x426.jpg 600w\" sizes=\"auto, (max-width: 1024px) 100vw, 1024px\" \/><\/a><\/figure>\n\n\n\n<figure class=\"wp-block-image size-large\"><a href=\"https:\/\/suukko2.fi\/wp-content\/uploads\/2024\/06\/matkalaiturit-3-scaled.jpg\"><img loading=\"lazy\" decoding=\"async\" width=\"1024\" height=\"729\" src=\"https:\/\/suukko2.fi\/wp-content\/uploads\/2024\/06\/matkalaiturit-3-1024x729.jpg\" alt=\"\" class=\"wp-image-696\" srcset=\"https:\/\/suukko2.fi\/wp-content\/uploads\/2024\/06\/matkalaiturit-3-1024x729.jpg 1024w, https:\/\/suukko2.fi\/wp-content\/uploads\/2024\/06\/matkalaiturit-3-300x213.jpg 300w, https:\/\/suukko2.fi\/wp-content\/uploads\/2024\/06\/matkalaiturit-3-768x546.jpg 768w, https:\/\/suukko2.fi\/wp-content\/uploads\/2024\/06\/matkalaiturit-3-1536x1093.jpg 1536w, https:\/\/suukko2.fi\/wp-content\/uploads\/2024\/06\/matkalaiturit-3-2048x1457.jpg 2048w, https:\/\/suukko2.fi\/wp-content\/uploads\/2024\/06\/matkalaiturit-3-600x427.jpg 600w\" sizes=\"auto, (max-width: 1024px) 100vw, 1024px\" \/><\/a><\/figure>\n\n\n\n<figure class=\"wp-block-image size-large\"><a href=\"https:\/\/suukko2.fi\/wp-content\/uploads\/2024\/06\/kalasatamat-1-scaled.jpg\"><img loading=\"lazy\" decoding=\"async\" width=\"1024\" height=\"727\" src=\"https:\/\/suukko2.fi\/wp-content\/uploads\/2024\/06\/kalasatamat-1-1024x727.jpg\" alt=\"\" class=\"wp-image-716\" srcset=\"https:\/\/suukko2.fi\/wp-content\/uploads\/2024\/06\/kalasatamat-1-1024x727.jpg 1024w, https:\/\/suukko2.fi\/wp-content\/uploads\/2024\/06\/kalasatamat-1-300x213.jpg 300w, https:\/\/suukko2.fi\/wp-content\/uploads\/2024\/06\/kalasatamat-1-768x545.jpg 768w, https:\/\/suukko2.fi\/wp-content\/uploads\/2024\/06\/kalasatamat-1-1536x1090.jpg 1536w, https:\/\/suukko2.fi\/wp-content\/uploads\/2024\/06\/kalasatamat-1-2048x1453.jpg 2048w, https:\/\/suukko2.fi\/wp-content\/uploads\/2024\/06\/kalasatamat-1-600x426.jpg 600w\" sizes=\"auto, (max-width: 1024px) 100vw, 1024px\" \/><\/a><\/figure>\n\n\n\n<figure class=\"wp-block-image size-large\"><a href=\"https:\/\/suukko2.fi\/wp-content\/uploads\/2024\/06\/kalasatamat-2-scaled.jpg\"><img loading=\"lazy\" decoding=\"async\" width=\"1024\" height=\"728\" src=\"https:\/\/suukko2.fi\/wp-content\/uploads\/2024\/06\/kalasatamat-2-1024x728.jpg\" alt=\"\" class=\"wp-image-717\" srcset=\"https:\/\/suukko2.fi\/wp-content\/uploads\/2024\/06\/kalasatamat-2-1024x728.jpg 1024w, https:\/\/suukko2.fi\/wp-content\/uploads\/2024\/06\/kalasatamat-2-300x213.jpg 300w, https:\/\/suukko2.fi\/wp-content\/uploads\/2024\/06\/kalasatamat-2-768x546.jpg 768w, https:\/\/suukko2.fi\/wp-content\/uploads\/2024\/06\/kalasatamat-2-1536x1092.jpg 1536w, https:\/\/suukko2.fi\/wp-content\/uploads\/2024\/06\/kalasatamat-2-2048x1456.jpg 2048w, https:\/\/suukko2.fi\/wp-content\/uploads\/2024\/06\/kalasatamat-2-600x427.jpg 600w\" sizes=\"auto, (max-width: 1024px) 100vw, 1024px\" \/><\/a><\/figure>\n\n\n\n<figure class=\"wp-block-image size-large\"><a href=\"https:\/\/suukko2.fi\/wp-content\/uploads\/2024\/06\/kalasatamat-3-scaled.jpg\"><img loading=\"lazy\" decoding=\"async\" width=\"1024\" height=\"727\" src=\"https:\/\/suukko2.fi\/wp-content\/uploads\/2024\/06\/kalasatamat-3-1024x727.jpg\" alt=\"\" class=\"wp-image-718\" srcset=\"https:\/\/suukko2.fi\/wp-content\/uploads\/2024\/06\/kalasatamat-3-1024x727.jpg 1024w, https:\/\/suukko2.fi\/wp-content\/uploads\/2024\/06\/kalasatamat-3-300x213.jpg 300w, https:\/\/suukko2.fi\/wp-content\/uploads\/2024\/06\/kalasatamat-3-768x545.jpg 768w, https:\/\/suukko2.fi\/wp-content\/uploads\/2024\/06\/kalasatamat-3-1536x1090.jpg 1536w, https:\/\/suukko2.fi\/wp-content\/uploads\/2024\/06\/kalasatamat-3-2048x1454.jpg 2048w, https:\/\/suukko2.fi\/wp-content\/uploads\/2024\/06\/kalasatamat-3-600x426.jpg 600w\" sizes=\"auto, (max-width: 1024px) 100vw, 1024px\" \/><\/a><\/figure>\n\n\n\n<p><strong>Ja t\u00e4ss\u00e4 alla valitettavan huonot kartat edellisiin.<\/strong><\/p>\n\n\n\n<figure class=\"wp-block-image size-large\"><a href=\"https:\/\/suukko2.fi\/wp-content\/uploads\/2024\/06\/kartat-1-scaled.jpg\"><img loading=\"lazy\" decoding=\"async\" width=\"1024\" height=\"726\" src=\"https:\/\/suukko2.fi\/wp-content\/uploads\/2024\/06\/kartat-1-1024x726.jpg\" alt=\"\" class=\"wp-image-697\" srcset=\"https:\/\/suukko2.fi\/wp-content\/uploads\/2024\/06\/kartat-1-1024x726.jpg 1024w, https:\/\/suukko2.fi\/wp-content\/uploads\/2024\/06\/kartat-1-300x213.jpg 300w, https:\/\/suukko2.fi\/wp-content\/uploads\/2024\/06\/kartat-1-768x545.jpg 768w, https:\/\/suukko2.fi\/wp-content\/uploads\/2024\/06\/kartat-1-1536x1089.jpg 1536w, https:\/\/suukko2.fi\/wp-content\/uploads\/2024\/06\/kartat-1-2048x1452.jpg 2048w, https:\/\/suukko2.fi\/wp-content\/uploads\/2024\/06\/kartat-1-600x426.jpg 600w\" sizes=\"auto, (max-width: 1024px) 100vw, 1024px\" \/><\/a><\/figure>\n\n\n\n<figure class=\"wp-block-image size-large\"><a href=\"https:\/\/suukko2.fi\/wp-content\/uploads\/2024\/06\/kartat-2-scaled.jpg\"><img loading=\"lazy\" decoding=\"async\" width=\"1024\" height=\"727\" src=\"https:\/\/suukko2.fi\/wp-content\/uploads\/2024\/06\/kartat-2-1024x727.jpg\" alt=\"\" class=\"wp-image-698\" srcset=\"https:\/\/suukko2.fi\/wp-content\/uploads\/2024\/06\/kartat-2-1024x727.jpg 1024w, https:\/\/suukko2.fi\/wp-content\/uploads\/2024\/06\/kartat-2-300x213.jpg 300w, https:\/\/suukko2.fi\/wp-content\/uploads\/2024\/06\/kartat-2-768x546.jpg 768w, https:\/\/suukko2.fi\/wp-content\/uploads\/2024\/06\/kartat-2-1536x1091.jpg 1536w, https:\/\/suukko2.fi\/wp-content\/uploads\/2024\/06\/kartat-2-2048x1455.jpg 2048w, https:\/\/suukko2.fi\/wp-content\/uploads\/2024\/06\/kartat-2-600x426.jpg 600w\" sizes=\"auto, (max-width: 1024px) 100vw, 1024px\" \/><\/a><\/figure>\n\n\n\n<figure class=\"wp-block-image size-large\"><a href=\"https:\/\/suukko2.fi\/wp-content\/uploads\/2024\/06\/kartat-3-1-scaled.jpg\"><img loading=\"lazy\" decoding=\"async\" width=\"1024\" height=\"726\" src=\"https:\/\/suukko2.fi\/wp-content\/uploads\/2024\/06\/kartat-3-1-1024x726.jpg\" alt=\"\" class=\"wp-image-701\" srcset=\"https:\/\/suukko2.fi\/wp-content\/uploads\/2024\/06\/kartat-3-1-1024x726.jpg 1024w, https:\/\/suukko2.fi\/wp-content\/uploads\/2024\/06\/kartat-3-1-300x213.jpg 300w, https:\/\/suukko2.fi\/wp-content\/uploads\/2024\/06\/kartat-3-1-768x545.jpg 768w, https:\/\/suukko2.fi\/wp-content\/uploads\/2024\/06\/kartat-3-1-1536x1089.jpg 1536w, https:\/\/suukko2.fi\/wp-content\/uploads\/2024\/06\/kartat-3-1-2048x1452.jpg 2048w, https:\/\/suukko2.fi\/wp-content\/uploads\/2024\/06\/kartat-3-1-600x426.jpg 600w\" sizes=\"auto, (max-width: 1024px) 100vw, 1024px\" \/><\/a><\/figure>\n\n\n\n<figure class=\"wp-block-image size-large\"><a href=\"https:\/\/suukko2.fi\/wp-content\/uploads\/2024\/06\/kartat-4-2-scaled.jpg\"><img loading=\"lazy\" decoding=\"async\" width=\"1024\" height=\"726\" src=\"https:\/\/suukko2.fi\/wp-content\/uploads\/2024\/06\/kartat-4-2-1024x726.jpg\" alt=\"\" class=\"wp-image-713\" srcset=\"https:\/\/suukko2.fi\/wp-content\/uploads\/2024\/06\/kartat-4-2-1024x726.jpg 1024w, https:\/\/suukko2.fi\/wp-content\/uploads\/2024\/06\/kartat-4-2-300x213.jpg 300w, https:\/\/suukko2.fi\/wp-content\/uploads\/2024\/06\/kartat-4-2-768x545.jpg 768w, https:\/\/suukko2.fi\/wp-content\/uploads\/2024\/06\/kartat-4-2-1536x1089.jpg 1536w, https:\/\/suukko2.fi\/wp-content\/uploads\/2024\/06\/kartat-4-2-2048x1452.jpg 2048w, https:\/\/suukko2.fi\/wp-content\/uploads\/2024\/06\/kartat-4-2-600x426.jpg 600w\" sizes=\"auto, (max-width: 1024px) 100vw, 1024px\" \/><\/a><\/figure>\n\n\n\n<figure class=\"wp-block-image size-large\"><a href=\"https:\/\/suukko2.fi\/wp-content\/uploads\/2024\/06\/kartat-5-scaled.jpg\"><img loading=\"lazy\" decoding=\"async\" width=\"726\" height=\"1024\" src=\"https:\/\/suukko2.fi\/wp-content\/uploads\/2024\/06\/kartat-5-726x1024.jpg\" alt=\"\" class=\"wp-image-703\" srcset=\"https:\/\/suukko2.fi\/wp-content\/uploads\/2024\/06\/kartat-5-726x1024.jpg 726w, https:\/\/suukko2.fi\/wp-content\/uploads\/2024\/06\/kartat-5-213x300.jpg 213w, https:\/\/suukko2.fi\/wp-content\/uploads\/2024\/06\/kartat-5-768x1084.jpg 768w, https:\/\/suukko2.fi\/wp-content\/uploads\/2024\/06\/kartat-5-1089x1536.jpg 1089w, https:\/\/suukko2.fi\/wp-content\/uploads\/2024\/06\/kartat-5-1451x2048.jpg 1451w, https:\/\/suukko2.fi\/wp-content\/uploads\/2024\/06\/kartat-5-600x847.jpg 600w, https:\/\/suukko2.fi\/wp-content\/uploads\/2024\/06\/kartat-5-scaled.jpg 1814w\" sizes=\"auto, (max-width: 726px) 100vw, 726px\" \/><\/a><\/figure>\n\n\n\n<figure class=\"wp-block-image size-large\"><a href=\"https:\/\/suukko2.fi\/wp-content\/uploads\/2024\/06\/kartat-6-1-scaled.jpg\"><img loading=\"lazy\" decoding=\"async\" width=\"726\" height=\"1024\" src=\"https:\/\/suukko2.fi\/wp-content\/uploads\/2024\/06\/kartat-6-1-726x1024.jpg\" alt=\"\" class=\"wp-image-714\" srcset=\"https:\/\/suukko2.fi\/wp-content\/uploads\/2024\/06\/kartat-6-1-726x1024.jpg 726w, https:\/\/suukko2.fi\/wp-content\/uploads\/2024\/06\/kartat-6-1-213x300.jpg 213w, https:\/\/suukko2.fi\/wp-content\/uploads\/2024\/06\/kartat-6-1-768x1084.jpg 768w, https:\/\/suukko2.fi\/wp-content\/uploads\/2024\/06\/kartat-6-1-1089x1536.jpg 1089w, https:\/\/suukko2.fi\/wp-content\/uploads\/2024\/06\/kartat-6-1-1452x2048.jpg 1452w, https:\/\/suukko2.fi\/wp-content\/uploads\/2024\/06\/kartat-6-1-600x847.jpg 600w, https:\/\/suukko2.fi\/wp-content\/uploads\/2024\/06\/kartat-6-1-scaled.jpg 1814w\" sizes=\"auto, (max-width: 726px) 100vw, 726px\" \/><\/a><\/figure>\n\n\n\n<figure class=\"wp-block-image size-large\"><a href=\"https:\/\/suukko2.fi\/wp-content\/uploads\/2024\/06\/kartat-7-scaled.jpg\"><img loading=\"lazy\" decoding=\"async\" width=\"726\" height=\"1024\" src=\"https:\/\/suukko2.fi\/wp-content\/uploads\/2024\/06\/kartat-7-726x1024.jpg\" alt=\"\" class=\"wp-image-705\" srcset=\"https:\/\/suukko2.fi\/wp-content\/uploads\/2024\/06\/kartat-7-726x1024.jpg 726w, https:\/\/suukko2.fi\/wp-content\/uploads\/2024\/06\/kartat-7-213x300.jpg 213w, https:\/\/suukko2.fi\/wp-content\/uploads\/2024\/06\/kartat-7-768x1083.jpg 768w, https:\/\/suukko2.fi\/wp-content\/uploads\/2024\/06\/kartat-7-1089x1536.jpg 1089w, https:\/\/suukko2.fi\/wp-content\/uploads\/2024\/06\/kartat-7-1453x2048.jpg 1453w, https:\/\/suukko2.fi\/wp-content\/uploads\/2024\/06\/kartat-7-600x846.jpg 600w, https:\/\/suukko2.fi\/wp-content\/uploads\/2024\/06\/kartat-7-scaled.jpg 1816w\" sizes=\"auto, (max-width: 726px) 100vw, 726px\" \/><\/a><\/figure>\n\n\n\n<figure class=\"wp-block-image size-large\"><a href=\"https:\/\/suukko2.fi\/wp-content\/uploads\/2024\/06\/kartat-8-1-scaled.jpg\"><img loading=\"lazy\" decoding=\"async\" width=\"726\" height=\"1024\" src=\"https:\/\/suukko2.fi\/wp-content\/uploads\/2024\/06\/kartat-8-1-726x1024.jpg\" alt=\"\" class=\"wp-image-715\" srcset=\"https:\/\/suukko2.fi\/wp-content\/uploads\/2024\/06\/kartat-8-1-726x1024.jpg 726w, https:\/\/suukko2.fi\/wp-content\/uploads\/2024\/06\/kartat-8-1-213x300.jpg 213w, https:\/\/suukko2.fi\/wp-content\/uploads\/2024\/06\/kartat-8-1-768x1084.jpg 768w, https:\/\/suukko2.fi\/wp-content\/uploads\/2024\/06\/kartat-8-1-1088x1536.jpg 1088w, https:\/\/suukko2.fi\/wp-content\/uploads\/2024\/06\/kartat-8-1-1451x2048.jpg 1451w, https:\/\/suukko2.fi\/wp-content\/uploads\/2024\/06\/kartat-8-1-600x847.jpg 600w, https:\/\/suukko2.fi\/wp-content\/uploads\/2024\/06\/kartat-8-1-scaled.jpg 1814w\" sizes=\"auto, (max-width: 726px) 100vw, 726px\" \/><\/a><\/figure>\n\n\n\n<figure class=\"wp-block-image size-large\"><a href=\"https:\/\/suukko2.fi\/wp-content\/uploads\/2024\/06\/kartat-9-scaled.jpg\"><img loading=\"lazy\" decoding=\"async\" width=\"725\" height=\"1024\" src=\"https:\/\/suukko2.fi\/wp-content\/uploads\/2024\/06\/kartat-9-725x1024.jpg\" alt=\"\" class=\"wp-image-707\" srcset=\"https:\/\/suukko2.fi\/wp-content\/uploads\/2024\/06\/kartat-9-725x1024.jpg 725w, https:\/\/suukko2.fi\/wp-content\/uploads\/2024\/06\/kartat-9-213x300.jpg 213w, https:\/\/suukko2.fi\/wp-content\/uploads\/2024\/06\/kartat-9-768x1084.jpg 768w, https:\/\/suukko2.fi\/wp-content\/uploads\/2024\/06\/kartat-9-1088x1536.jpg 1088w, https:\/\/suukko2.fi\/wp-content\/uploads\/2024\/06\/kartat-9-1451x2048.jpg 1451w, https:\/\/suukko2.fi\/wp-content\/uploads\/2024\/06\/kartat-9-600x847.jpg 600w, https:\/\/suukko2.fi\/wp-content\/uploads\/2024\/06\/kartat-9-scaled.jpg 1814w\" sizes=\"auto, (max-width: 725px) 100vw, 725px\" \/><\/a><\/figure>\n\n\n\n<figure class=\"wp-block-image size-large\"><a href=\"https:\/\/suukko2.fi\/wp-content\/uploads\/2024\/06\/kartat-10-scaled.jpg\"><img loading=\"lazy\" decoding=\"async\" width=\"726\" height=\"1024\" src=\"https:\/\/suukko2.fi\/wp-content\/uploads\/2024\/06\/kartat-10-726x1024.jpg\" alt=\"\" class=\"wp-image-708\" srcset=\"https:\/\/suukko2.fi\/wp-content\/uploads\/2024\/06\/kartat-10-726x1024.jpg 726w, https:\/\/suukko2.fi\/wp-content\/uploads\/2024\/06\/kartat-10-213x300.jpg 213w, https:\/\/suukko2.fi\/wp-content\/uploads\/2024\/06\/kartat-10-768x1083.jpg 768w, https:\/\/suukko2.fi\/wp-content\/uploads\/2024\/06\/kartat-10-1090x1536.jpg 1090w, https:\/\/suukko2.fi\/wp-content\/uploads\/2024\/06\/kartat-10-1453x2048.jpg 1453w, https:\/\/suukko2.fi\/wp-content\/uploads\/2024\/06\/kartat-10-600x846.jpg 600w, https:\/\/suukko2.fi\/wp-content\/uploads\/2024\/06\/kartat-10-scaled.jpg 1816w\" sizes=\"auto, (max-width: 726px) 100vw, 726px\" \/><\/a><\/figure>\n\n\n\n<figure class=\"wp-block-image size-large\"><a href=\"https:\/\/suukko2.fi\/wp-content\/uploads\/2024\/06\/kartat-11-scaled.jpg\"><img loading=\"lazy\" decoding=\"async\" width=\"727\" height=\"1024\" src=\"https:\/\/suukko2.fi\/wp-content\/uploads\/2024\/06\/kartat-11-727x1024.jpg\" alt=\"\" class=\"wp-image-709\" srcset=\"https:\/\/suukko2.fi\/wp-content\/uploads\/2024\/06\/kartat-11-727x1024.jpg 727w, https:\/\/suukko2.fi\/wp-content\/uploads\/2024\/06\/kartat-11-213x300.jpg 213w, https:\/\/suukko2.fi\/wp-content\/uploads\/2024\/06\/kartat-11-768x1082.jpg 768w, https:\/\/suukko2.fi\/wp-content\/uploads\/2024\/06\/kartat-11-1090x1536.jpg 1090w, https:\/\/suukko2.fi\/wp-content\/uploads\/2024\/06\/kartat-11-1453x2048.jpg 1453w, https:\/\/suukko2.fi\/wp-content\/uploads\/2024\/06\/kartat-11-600x846.jpg 600w, https:\/\/suukko2.fi\/wp-content\/uploads\/2024\/06\/kartat-11-scaled.jpg 1816w\" sizes=\"auto, (max-width: 727px) 100vw, 727px\" \/><\/a><\/figure>\n\n\n\n<figure class=\"wp-block-image size-large\"><a href=\"https:\/\/suukko2.fi\/wp-content\/uploads\/2024\/06\/kartat-12-scaled.jpg\"><img loading=\"lazy\" decoding=\"async\" width=\"1024\" height=\"725\" src=\"https:\/\/suukko2.fi\/wp-content\/uploads\/2024\/06\/kartat-12-1024x725.jpg\" alt=\"\" class=\"wp-image-710\" srcset=\"https:\/\/suukko2.fi\/wp-content\/uploads\/2024\/06\/kartat-12-1024x725.jpg 1024w, https:\/\/suukko2.fi\/wp-content\/uploads\/2024\/06\/kartat-12-300x212.jpg 300w, https:\/\/suukko2.fi\/wp-content\/uploads\/2024\/06\/kartat-12-768x544.jpg 768w, https:\/\/suukko2.fi\/wp-content\/uploads\/2024\/06\/kartat-12-1536x1088.jpg 1536w, https:\/\/suukko2.fi\/wp-content\/uploads\/2024\/06\/kartat-12-2048x1450.jpg 2048w, https:\/\/suukko2.fi\/wp-content\/uploads\/2024\/06\/kartat-12-600x425.jpg 600w\" sizes=\"auto, (max-width: 1024px) 100vw, 1024px\" \/><\/a><\/figure>\n\n\n\n<figure class=\"wp-block-image size-large\"><a href=\"https:\/\/suukko2.fi\/wp-content\/uploads\/2024\/06\/kartat-13-scaled.jpg\"><img loading=\"lazy\" decoding=\"async\" width=\"1024\" height=\"726\" src=\"https:\/\/suukko2.fi\/wp-content\/uploads\/2024\/06\/kartat-13-1024x726.jpg\" alt=\"\" class=\"wp-image-711\" srcset=\"https:\/\/suukko2.fi\/wp-content\/uploads\/2024\/06\/kartat-13-1024x726.jpg 1024w, https:\/\/suukko2.fi\/wp-content\/uploads\/2024\/06\/kartat-13-300x213.jpg 300w, https:\/\/suukko2.fi\/wp-content\/uploads\/2024\/06\/kartat-13-768x545.jpg 768w, https:\/\/suukko2.fi\/wp-content\/uploads\/2024\/06\/kartat-13-1536x1089.jpg 1536w, https:\/\/suukko2.fi\/wp-content\/uploads\/2024\/06\/kartat-13-2048x1452.jpg 2048w, https:\/\/suukko2.fi\/wp-content\/uploads\/2024\/06\/kartat-13-600x426.jpg 600w\" sizes=\"auto, (max-width: 1024px) 100vw, 1024px\" \/><\/a><\/figure>\n\n\n\n<figure class=\"wp-block-image size-large\"><a href=\"https:\/\/suukko2.fi\/wp-content\/uploads\/2024\/06\/kartat-14-scaled.jpg\"><img loading=\"lazy\" decoding=\"async\" width=\"726\" height=\"1024\" src=\"https:\/\/suukko2.fi\/wp-content\/uploads\/2024\/06\/kartat-14-726x1024.jpg\" alt=\"\" class=\"wp-image-712\" srcset=\"https:\/\/suukko2.fi\/wp-content\/uploads\/2024\/06\/kartat-14-726x1024.jpg 726w, https:\/\/suukko2.fi\/wp-content\/uploads\/2024\/06\/kartat-14-213x300.jpg 213w, https:\/\/suukko2.fi\/wp-content\/uploads\/2024\/06\/kartat-14-768x1083.jpg 768w, https:\/\/suukko2.fi\/wp-content\/uploads\/2024\/06\/kartat-14-1089x1536.jpg 1089w, https:\/\/suukko2.fi\/wp-content\/uploads\/2024\/06\/kartat-14-1452x2048.jpg 1452w, https:\/\/suukko2.fi\/wp-content\/uploads\/2024\/06\/kartat-14-600x846.jpg 600w, https:\/\/suukko2.fi\/wp-content\/uploads\/2024\/06\/kartat-14-scaled.jpg 1816w\" sizes=\"auto, (max-width: 726px) 100vw, 726px\" \/><\/a><\/figure>\n","protected":false},"excerpt":{"rendered":"<p>Valtio rakennutti 80-90 luvulla ison m\u00e4\u00e4r\u00e4n erilaisia laitureita yleiseen k\u00e4ytt\u00f6\u00f6n. Niist\u00e4 ei ole olemasssa keskitetty\u00e4 tietoa, koska laitureiden olemassaolo on p\u00e4\u00e4ssyt unohtumaan. Kartoitetaan yhdess\u00e4 kaikki yhteislaiturit, ja toimitetaan tiedot viranomaisille ett\u00e4 voivat p\u00e4ivitt\u00e4\u00e4 kartat ajan tasalle. Lis\u00e4tietoa Youtubekanavamme videolla:\u00a0https:\/\/www.youtube.com\/watch?v=6a9RjQC80Og Projektin verkkosivu:&nbsp;https:\/\/suukko2.fi\/?page_id=692 Ja t\u00e4ss\u00e4 alla valitettavan huonot kartat edellisiin.<\/p>\n","protected":false},"author":7,"featured_media":0,"parent":0,"menu_order":0,"comment_status":"closed","ping_status":"closed","template":"","meta":{"site-sidebar-layout":"default","site-content-layout":"","ast-site-content-layout":"default","site-content-style":"default","site-sidebar-style":"default","ast-global-header-display":"","ast-banner-title-visibility":"","ast-main-header-display":"","ast-hfb-above-header-display":"","ast-hfb-below-header-display":"","ast-hfb-mobile-header-display":"","site-post-title":"","ast-breadcrumbs-content":"","ast-featured-img":"","footer-sml-layout":"","theme-transparent-header-meta":"","adv-header-id-meta":"","stick-header-meta":"","header-above-stick-meta":"","header-main-stick-meta":"","header-below-stick-meta":"","astra-migrate-meta-layouts":"set","ast-page-background-enabled":"default","ast-page-background-meta":{"desktop":{"background-color":"var(--ast-global-color-4)","background-image":"","background-repeat":"repeat","background-position":"center center","background-size":"auto","background-attachment":"scroll","background-type":"","background-media":"","overlay-type":"","overlay-color":"","overlay-opacity":"","overlay-gradient":""},"tablet":{"background-color":"","background-image":"","background-repeat":"repeat","background-position":"center center","background-size":"auto","background-attachment":"scroll","background-type":"","background-media":"","overlay-type":"","overlay-color":"","overlay-opacity":"","overlay-gradient":""},"mobile":{"background-color":"","background-image":"","background-repeat":"repeat","background-position":"center center","background-size":"auto","background-attachment":"scroll","background-type":"","background-media":"","overlay-type":"","overlay-color":"","overlay-opacity":"","overlay-gradient":""}},"ast-content-background-meta":{"desktop":{"background-color":"var(--ast-global-color-5)","background-image":"","background-repeat":"repeat","background-position":"center center","background-size":"auto","background-attachment":"scroll","background-type":"","background-media":"","overlay-type":"","overlay-color":"","overlay-opacity":"","overlay-gradient":""},"tablet":{"background-color":"var(--ast-global-color-5)","background-image":"","background-repeat":"repeat","background-position":"center center","background-size":"auto","background-attachment":"scroll","background-type":"","background-media":"","overlay-type":"","overlay-color":"","overlay-opacity":"","overlay-gradient":""},"mobile":{"background-color":"var(--ast-global-color-5)","background-image":"","background-repeat":"repeat","background-position":"center center","background-size":"auto","background-attachment":"scroll","background-type":"","background-media":"","overlay-type":"","overlay-color":"","overlay-opacity":"","overlay-gradient":""}},"footnotes":""},"class_list":["post-692","page","type-page","status-publish","hentry"],"_links":{"self":[{"href":"https:\/\/suukko2.fi\/index.php?rest_route=\/wp\/v2\/pages\/692","targetHints":{"allow":["GET"]}}],"collection":[{"href":"https:\/\/suukko2.fi\/index.php?rest_route=\/wp\/v2\/pages"}],"about":[{"href":"https:\/\/suukko2.fi\/index.php?rest_route=\/wp\/v2\/types\/page"}],"author":[{"embeddable":true,"href":"https:\/\/suukko2.fi\/index.php?rest_route=\/wp\/v2\/users\/7"}],"replies":[{"embeddable":true,"href":"https:\/\/suukko2.fi\/index.php?rest_route=%2Fwp%2Fv2%2Fcomments&post=692"}],"version-history":[{"count":3,"href":"https:\/\/suukko2.fi\/index.php?rest_route=\/wp\/v2\/pages\/692\/revisions"}],"predecessor-version":[{"id":724,"href":"https:\/\/suukko2.fi\/index.php?rest_route=\/wp\/v2\/pages\/692\/revisions\/724"}],"wp:attachment":[{"href":"https:\/\/suukko2.fi\/index.php?rest_route=%2Fwp%2Fv2%2Fmedia&parent=692"}],"curies":[{"name":"wp","href":"https:\/\/api.w.org\/{rel}","templated":true}]}}